{"id":50,"date":"2022-05-26T16:47:40","date_gmt":"2022-05-26T16:47:40","guid":{"rendered":"https:\/\/www.ordinacechodov.cz\/?page_id=50"},"modified":"2022-05-31T18:05:14","modified_gmt":"2022-05-31T18:05:14","slug":"vybaveni-ordinace","status":"publish","type":"page","link":"https:\/\/www.ordinacechodov.cz\/?page_id=50","title":{"rendered":"Vybaven\u00ed ordinace"},"content":{"rendered":"\t\t<div data-elementor-type=\"wp-page\" data-elementor-id=\"50\" class=\"elementor elementor-50\">\n\t\t\t\t\t\t\t\t\t<section class=\"elementor-section elementor-top-section elementor-element elementor-element-5c52fefb elementor-section-boxed elementor-section-height-default elementor-section-height-default\" data-id=\"5c52fefb\" data-element_type=\"section\">\n\t\t\t\t\t\t<div class=\"elementor-container elementor-column-gap-default\">\n\t\t\t\t\t<div class=\"elementor-column elementor-col-100 elementor-top-column elementor-element elementor-element-6376e3e\" data-id=\"6376e3e\" data-element_type=\"column\">\n\t\t\t<div class=\"elementor-widget-wrap elementor-element-populated\">\n\t\t\t\t\t\t\t\t<div class=\"elementor-element elementor-element-a6d13fb elementor-widget elementor-widget-image\" data-id=\"a6d13fb\" data-element_type=\"widget\" data-widget_type=\"image.default\">\n\t\t\t\t<div class=\"elementor-widget-container\">\n\t\t\t<style>\/*! elementor - v3.6.5 - 27-04-2022 *\/\n.elementor-widget-image{text-align:center}.elementor-widget-image a{display:inline-block}.elementor-widget-image a img[src$=\".svg\"]{width:48px}.elementor-widget-image img{vertical-align:middle;display:inline-block}<\/style>\t\t\t\t\t\t\t\t\t\t\t\t<img loading=\"lazy\" decoding=\"async\" width=\"640\" height=\"428\" src=\"https:\/\/www.ordinacechodov.cz\/wp-content\/uploads\/2022\/05\/DSC_9512-1024x684.jpg\" class=\"attachment-large size-large\" alt=\"\" srcset=\"https:\/\/www.ordinacechodov.cz\/wp-content\/uploads\/2022\/05\/DSC_9512-1024x684.jpg 1024w, https:\/\/www.ordinacechodov.cz\/wp-content\/uploads\/2022\/05\/DSC_9512-300x200.jpg 300w, https:\/\/www.ordinacechodov.cz\/wp-content\/uploads\/2022\/05\/DSC_9512-768x513.jpg 768w, https:\/\/www.ordinacechodov.cz\/wp-content\/uploads\/2022\/05\/DSC_9512-1536x1025.jpg 1536w, https:\/\/www.ordinacechodov.cz\/wp-content\/uploads\/2022\/05\/DSC_9512-2048x1367.jpg 2048w, https:\/\/www.ordinacechodov.cz\/wp-content\/uploads\/2022\/05\/DSC_9512-1200x800.jpg 1200w\" sizes=\"auto, (max-width: 640px) 100vw, 640px\" \/>\t\t\t\t\t\t\t\t\t\t\t\t\t\t\t<\/div>\n\t\t\t\t<\/div>\n\t\t\t\t<div class=\"elementor-element elementor-element-42be3fac elementor-widget elementor-widget-text-editor\" data-id=\"42be3fac\" data-element_type=\"widget\" data-widget_type=\"text-editor.default\">\n\t\t\t\t<div class=\"elementor-widget-container\">\n\t\t\t<style>\/*! elementor - v3.6.5 - 27-04-2022 *\/\n.elementor-widget-text-editor.elementor-drop-cap-view-stacked .elementor-drop-cap{background-color:#818a91;color:#fff}.elementor-widget-text-editor.elementor-drop-cap-view-framed .elementor-drop-cap{color:#818a91;border:3px solid;background-color:transparent}.elementor-widget-text-editor:not(.elementor-drop-cap-view-default) .elementor-drop-cap{margin-top:8px}.elementor-widget-text-editor:not(.elementor-drop-cap-view-default) .elementor-drop-cap-letter{width:1em;height:1em}.elementor-widget-text-editor .elementor-drop-cap{float:left;text-align:center;line-height:1;font-size:50px}.elementor-widget-text-editor .elementor-drop-cap-letter{display:inline-block}<\/style>\t\t\t\t<!-- wp:paragraph {\"backgroundColor\":\"vivid-cyan-blue\",\"textColor\":\"white\",\"fontSize\":\"medium\"} -->\n<p class=\"has-white-color has-vivid-cyan-blue-background-color has-text-color has-background has-medium-font-size\"><strong>Ordinace je vybavena p\u0159\u00edstroji pro n\u00ed\u017ee uveden\u00e1 specializovan\u00e1 vy\u0161et\u0159en\u00ed:<\/strong><\/p>\n<!-- \/wp:paragraph -->\n\n<!-- wp:paragraph {\"textColor\":\"vivid-cyan-blue\",\"fontSize\":\"medium\"} -->\n<p class=\"has-vivid-cyan-blue-color has-text-color has-medium-font-size\"><br><strong>CRP test<\/strong><\/p>\n<!-- \/wp:paragraph -->\n\n<!-- wp:paragraph {\"textColor\":\"black\",\"fontSize\":\"medium\"} -->\n<p class=\"has-black-color has-text-color has-medium-font-size\"><br>M\u00e1 v\u00fdznam nasadit antibiotika nebo je mo\u017en\u00e9 infek\u010dn\u00ed onemocn\u011bn\u00ed &#8222;vyle\u017eet&#8220;? Prov\u00e1d\u00edme vy\u0161et\u0159en\u00ed hladiny C-reaktivn\u00edho proteinu. Tento test s velmi vysokou p\u0159esnost\u00ed umo\u017en\u00ed rozhodnout o spr\u00e1vn\u00e9m postupu a vyhnout se zbyte\u010dn\u00e9mu zat\u00ed\u017een\u00ed imunitn\u00edho syst\u00e9mu a neefektivn\u00edmu u\u017e\u00edv\u00e1n\u00ed antibiotik p\u0159i virov\u00fdch onemocn\u011bn\u00edch. Nevy\u017eaduje se odb\u011br nala\u010dno<br><\/p>\n<!-- \/wp:paragraph -->\n\n<!-- wp:paragraph {\"textColor\":\"vivid-cyan-blue\",\"fontSize\":\"medium\"} -->\n<p class=\"has-vivid-cyan-blue-color has-text-color has-medium-font-size\"><br><strong>INR test<\/strong><\/p>\n<!-- \/wp:paragraph -->\n\n<!-- wp:paragraph {\"textColor\":\"black\",\"fontSize\":\"medium\"} -->\n<p class=\"has-black-color has-text-color has-medium-font-size\"><br>Vy\u0161et\u0159en\u00ed syst\u00e9mem CoaguChek je p\u0159\u00ednosem pro \u0159\u00edzen\u00ed antikolagula\u010dn\u00ed l\u00e9\u010dby nemocn\u00fdch, kte\u0159\u00ed u\u017e\u00edvaj\u00ed Warfarin. V\u00fdhodou je pot\u0159eba odb\u011bru jedin\u00e9 kapky krve z prstu, nikoliv nutnost opakovan\u00e9ho \u017eiln\u00edho odb\u011bru krve. V\u00fdsledek je zn\u00e1m do 60 vte\u0159in a tak je mo\u017en\u00e1 bezprost\u0159edn\u00ed \u00faprava terapie. Nevy\u017eaduje se odb\u011br nala\u010dno<br><\/p>\n<!-- \/wp:paragraph -->\n\n<!-- wp:paragraph {\"textColor\":\"vivid-cyan-blue\",\"fontSize\":\"medium\"} -->\n<p class=\"has-vivid-cyan-blue-color has-text-color has-medium-font-size\"><br><strong>FOB test na okultn\u00ed krv\u00e1cen\u00ed<\/strong><\/p>\n<!-- \/wp:paragraph -->\n\n<!-- wp:paragraph {\"textColor\":\"black\",\"fontSize\":\"medium\"} -->\n<p class=\"has-black-color has-text-color has-medium-font-size\"><br>Ve v\u011bt\u0161in\u011b p\u0159\u00edpad\u016f se zhoubn\u00fd n\u00e1dor tlust\u00e9ho st\u0159eva a kone\u010dn\u00edku vyv\u00edj\u00ed na podklad\u011b dlouhodob\u011b rostouc\u00edch nezhoubn\u00fdch polyp\u016f nebo adenom\u016f, kter\u00e9 se nemus\u00ed na subjektivn\u00edm pocitu zdrav\u00ed nijak projevit. Preventivn\u00ed vy\u0161et\u0159en\u00ed ke zji\u0161t\u011bn\u00ed skryt\u00e9ho krv\u00e1cen\u00ed do stolice standardizovan\u00fdm testem. Je sou\u010d\u00e1st\u00ed preventivn\u00ed prohl\u00eddky od 50 let v\u011bku v 1 ro\u010dn\u00edch intervalech, od 55 v dvoulet\u00fdch intervalech.<br><\/p>\n<!-- \/wp:paragraph -->\n\n<!-- wp:paragraph {\"textColor\":\"vivid-cyan-blue\",\"fontSize\":\"medium\"} -->\n<p class=\"has-vivid-cyan-blue-color has-text-color has-medium-font-size\"><br><strong>EKG vy\u0161et\u0159en\u00ed<\/strong><\/p>\n<!-- \/wp:paragraph -->\n\n<!-- wp:paragraph {\"fontSize\":\"medium\"} -->\n<p class=\"has-medium-font-size\"><br>EKG je jednoduch\u00e9, nen\u00e1ro\u010dn\u00e9 a nebolestiv\u00e9 vy\u0161et\u0159en\u00ed elektrick\u00e9 aktivity srdce. Ka\u017ed\u00fd stah srde\u010dn\u00edho svalu je doprov\u00e1zen vznikem slab\u00e9ho elektrick\u00e9ho proudu, kter\u00fd m\u016f\u017eeme m\u011b\u0159it na povrchu t\u011bla. K tomuto m\u011b\u0159en\u00ed se pou\u017e\u00edv\u00e1 p\u0159\u00edstroj elektrokardiograf, u kter\u00e9ho p\u0159ilo\u017een\u00edm elektrod na hrudn\u00edk a kon\u010detiny lze sn\u00edmat, filtrovat a zesilovat elektrickou aktivitu srdce. EKG vy\u0161et\u0159en\u00ed je sou\u010d\u00e1st\u00ed preventivn\u00ed prohl\u00eddky od 40 let v\u011bku ve \u010dty\u0159let\u00fdch intervalech u zdrav\u00fdch jedinc\u016f.<br><\/p>\n<!-- \/wp:paragraph -->\n\n<!-- wp:paragraph {\"textColor\":\"vivid-cyan-blue\",\"fontSize\":\"medium\"} -->\n<p class=\"has-vivid-cyan-blue-color has-text-color has-medium-font-size\"><br><strong>PULSN\u00cd OXYMETR<\/strong><\/p>\n<!-- \/wp:paragraph -->\n\n<!-- wp:paragraph {\"fontSize\":\"medium\"} -->\n<p class=\"has-medium-font-size\"><br>Pulsn\u00ed oxymetr je mal\u00fd p\u0159enosn\u00fd p\u0159\u00edstroj pro m\u011b\u0159en\u00ed 1\/ tepov\u00e9 frekvence a 2\/ nasycen\u00ed krve kysl\u00edkem. N\u00e1hl\u00e9 zm\u011bny zdravotn\u00edho stavu pacient\u016f, zejm\u00e9na p\u0159i poruch\u00e1ch tepov\u00e9 frekvence (poruch srde\u010dn\u00edho rytmu) a n\u00e1hl\u00fdch poruch\u00e1ch a pot\u00ed\u017e\u00edch s d\u00fdch\u00e1n\u00edm (du\u0161nost, nedostatek dechu). Prob\u00edh\u00e1 nebolestiv\u00fdm vlo\u017een\u00edm prstu (\u010d\u00e1sti t\u011bla) do p\u0159\u00edstroje<\/p>\n<!-- \/wp:paragraph -->\n\n<!-- wp:paragraph {\"textColor\":\"vivid-cyan-blue\",\"fontSize\":\"medium\"} -->\n<p class=\"has-vivid-cyan-blue-color has-text-color has-medium-font-size\"><br><br><strong>GLUKOMETR<\/strong><\/p>\n<!-- \/wp:paragraph -->\n\n<!-- wp:paragraph {\"fontSize\":\"medium\"} -->\n<p class=\"has-medium-font-size\"><br>Glukometr je mal\u00fd p\u0159enosn\u00fd p\u0159\u00edstroj ur\u010den\u00fd k m\u011b\u0159en\u00ed glyk\u00e9mie neboli hladiny cukru v krvi. P\u0159i n\u00e1hl\u00fdch poruch\u00e1ch zdrav\u00ed pacient\u016f s podez\u0159en\u00edm na mo\u017en\u00fd Diabetes mellitus neboli cukrovku, d\u00e1le u pacient\u016f diabetik\u016f, kte\u0159\u00ed maj\u00ed p\u0159\u00edznaky spojen\u00e9 se zv\u00fd\u0161enou nebo sn\u00ed\u017eenou hladinou cukru v krvi.<\/p>\n<!-- \/wp:paragraph -->\t\t\t\t\t\t<\/div>\n\t\t\t\t<\/div>\n\t\t\t\t\t<\/div>\n\t\t<\/div>\n\t\t\t\t\t\t\t<\/div>\n\t\t<\/section>\n\t\t\t\t\t\t\t<\/div>\n\t\t","protected":false},"excerpt":{"rendered":"<p>Ordinace je vybavena p\u0159\u00edstroji pro n\u00ed\u017ee uveden\u00e1 specializovan\u00e1 vy\u0161et\u0159en\u00ed: CRP test M\u00e1 v\u00fdznam nasadit antibiotika nebo je mo\u017en\u00e9 infek\u010dn\u00ed onemocn\u011bn\u00ed &#8222;vyle\u017eet&#8220;? Prov\u00e1d\u00edme vy\u0161et\u0159en\u00ed hladiny C-reaktivn\u00edho proteinu. Tento test s velmi vysokou p\u0159esnost\u00ed umo\u017en\u00ed rozhodnout o spr\u00e1vn\u00e9m postupu a vyhnout se zbyte\u010dn\u00e9mu zat\u00ed\u017een\u00ed imunitn\u00edho syst\u00e9mu a neefektivn\u00edmu u\u017e\u00edv\u00e1n\u00ed antibiotik p\u0159i virov\u00fdch onemocn\u011bn\u00edch. Nevy\u017eaduje se odb\u011br nala\u010dno [&hellip;]<\/p>\n","protected":false},"author":1,"featured_media":103,"parent":0,"menu_order":1,"comment_status":"closed","ping_status":"closed","template":"","meta":{"footnotes":""},"class_list":["post-50","page","type-page","status-publish","has-post-thumbnail","hentry"],"_links":{"self":[{"href":"https:\/\/www.ordinacechodov.cz\/index.php?rest_route=\/wp\/v2\/pages\/50","targetHints":{"allow":["GET"]}}],"collection":[{"href":"https:\/\/www.ordinacechodov.cz\/index.php?rest_route=\/wp\/v2\/pages"}],"about":[{"href":"https:\/\/www.ordinacechodov.cz\/index.php?rest_route=\/wp\/v2\/types\/page"}],"author":[{"embeddable":true,"href":"https:\/\/www.ordinacechodov.cz\/index.php?rest_route=\/wp\/v2\/users\/1"}],"replies":[{"embeddable":true,"href":"https:\/\/www.ordinacechodov.cz\/index.php?rest_route=%2Fwp%2Fv2%2Fcomments&post=50"}],"version-history":[{"count":4,"href":"https:\/\/www.ordinacechodov.cz\/index.php?rest_route=\/wp\/v2\/pages\/50\/revisions"}],"predecessor-version":[{"id":131,"href":"https:\/\/www.ordinacechodov.cz\/index.php?rest_route=\/wp\/v2\/pages\/50\/revisions\/131"}],"wp:featuredmedia":[{"embeddable":true,"href":"https:\/\/www.ordinacechodov.cz\/index.php?rest_route=\/wp\/v2\/media\/103"}],"wp:attachment":[{"href":"https:\/\/www.ordinacechodov.cz\/index.php?rest_route=%2Fwp%2Fv2%2Fmedia&parent=50"}],"curies":[{"name":"wp","href":"https:\/\/api.w.org\/{rel}","templated":true}]}}