{"id":16,"date":"2022-04-26T14:38:51","date_gmt":"2022-04-26T14:38:51","guid":{"rendered":"https:\/\/www.ordinacechodov.cz\/?page_id=16"},"modified":"2023-02-22T23:55:50","modified_gmt":"2023-02-22T23:55:50","slug":"uvod","status":"publish","type":"page","link":"https:\/\/www.ordinacechodov.cz\/?page_id=16","title":{"rendered":"\u00davod"},"content":{"rendered":"\n<div class=\"wp-block-cover is-light\"><span aria-hidden=\"true\" class=\"wp-block-cover__background has-background-dim-0 has-background-dim\"><\/span><img loading=\"lazy\" decoding=\"async\" width=\"4021\" height=\"1992\" class=\"wp-block-cover__image-background wp-image-187\" alt=\"\" src=\"https:\/\/www.ordinacechodov.cz\/wp-content\/uploads\/2022\/09\/IMG_1702-2.png\" style=\"object-position:100% 46%\" data-object-fit=\"cover\" data-object-position=\"100% 46%\" srcset=\"https:\/\/www.ordinacechodov.cz\/wp-content\/uploads\/2022\/09\/IMG_1702-2.png 4021w, https:\/\/www.ordinacechodov.cz\/wp-content\/uploads\/2022\/09\/IMG_1702-2-300x149.png 300w, https:\/\/www.ordinacechodov.cz\/wp-content\/uploads\/2022\/09\/IMG_1702-2-1024x507.png 1024w, https:\/\/www.ordinacechodov.cz\/wp-content\/uploads\/2022\/09\/IMG_1702-2-768x380.png 768w, https:\/\/www.ordinacechodov.cz\/wp-content\/uploads\/2022\/09\/IMG_1702-2-1536x761.png 1536w, https:\/\/www.ordinacechodov.cz\/wp-content\/uploads\/2022\/09\/IMG_1702-2-2048x1015.png 2048w\" sizes=\"auto, (max-width: 4021px) 100vw, 4021px\" \/><div class=\"wp-block-cover__inner-container is-layout-flow wp-block-cover-is-layout-flow\">\n<p class=\"has-text-align-center has-large-font-size\"><\/p>\n<\/div><\/div>\n\n\n\n<h2 class=\"has-white-color has-vivid-cyan-blue-background-color has-text-color has-background has-small-font-size wp-block-heading\"><strong>V\u00c1\u017dEN\u00cd KLIENTI, Z D\u016eVODU ZM\u011aNY ORGANIZACE NA\u0160\u00cd P\u00c9\u010cE O V\u00c1S, JE NUTN\u00c9 SE NA VY\u0160ET\u0158EN\u00cd&nbsp;P\u0158EDEM OBJEDNAT, A TO I V P\u0158\u00cdPAD\u011a AKUTN\u00cdCH OBT\u00cd\u017d\u00cd, ZAVOLEJTE PROS\u00cdM R\u00c1NO DO ORDINACE A SEST\u0158I\u010cKA SE V\u00c1M POKUS\u00cd DOMLUVIT PROHL\u00cdDKU DLE NAL\u00c9HAVOSTI OBT\u00cd\u017d\u00cd, V AKUTN\u00cdM P\u0158\u00cdPAD\u011a<\/strong>&nbsp;<strong>( HORE\u010cNAT\u00c9 STAVY, OBT\u00cd\u017dE S D\u00ddCH\u00c1N\u00cdM, N\u00c1HLE VZNIKL\u00c9 OTOKY DOLN\u00cdCH KON\u010cETIN, AKUTN\u00cd BLOK\u00c1DA P\u00c1TE\u0158E) JE\u0160T\u011a T\u00dd\u017d DEN , NEBO DEN N\u00c1SLEDUJ\u00cdC\u00cd.<\/strong><\/h2>\n\n\n\n<p class=\"has-small-font-size\">V\u011bnujeme se l\u00e9\u010debn\u00e9 p\u00e9\u010di, preventivn\u00edm prohl\u00eddk\u00e1m i prohl\u00eddk\u00e1m pro jin\u00e9 \u00fa\u010dely, v\u010detn\u011b tzv. z\u00e1vodn\u00ed p\u00e9\u010de.&nbsp; Na\u0161\u00edm c\u00edlem je celostn\u00ed pohled na \u010dlov\u011bka a jeho obt\u00ed\u017ee. Sna\u017e\u00edme se o efektivn\u00ed diagnosticko-l\u00e9\u010debn\u00fd postup.<\/p>\n\n\n\n<p class=\"has-small-font-size\">Klademe d\u016fraz na prevenci \u2013 jednak jsou to preventivn\u00ed prohl\u00eddky,&nbsp;kter\u00e9 lze prov\u00e1d\u011bt ka\u017ed\u00e9 dva roky, a potom je t\u00e9\u017e d\u016fle\u017eit\u00fd&nbsp; zodpov\u011bdn\u00fd a aktivn\u00ed postoj&nbsp;ka\u017ed\u00e9ho z n\u00e1s k udr\u017een\u00ed vlastn\u00edho zdrav\u00ed a sob\u011bsta\u010dnosti.<\/p>\n\n\n\n<p class=\"has-small-font-size\">To v\u0161e&nbsp;v p\u0159\u00edjemn\u00e9m prost\u0159ed\u00ed nov\u011b zrekonstruovan\u00e9 bezbarierov\u00e9 ordinace&nbsp;se snadnou dopravn\u00ed dostupnost\u00ed.<\/p>\n","protected":false},"excerpt":{"rendered":"<p>V\u00c1\u017dEN\u00cd KLIENTI, Z D\u016eVODU ZM\u011aNY ORGANIZACE NA\u0160\u00cd P\u00c9\u010cE O V\u00c1S, JE NUTN\u00c9 SE NA VY\u0160ET\u0158EN\u00cd&nbsp;P\u0158EDEM OBJEDNAT, A TO I V P\u0158\u00cdPAD\u011a AKUTN\u00cdCH OBT\u00cd\u017d\u00cd, ZAVOLEJTE PROS\u00cdM R\u00c1NO DO ORDINACE A SEST\u0158I\u010cKA SE V\u00c1M POKUS\u00cd DOMLUVIT PROHL\u00cdDKU DLE NAL\u00c9HAVOSTI OBT\u00cd\u017d\u00cd, V AKUTN\u00cdM P\u0158\u00cdPAD\u011a&nbsp;( HORE\u010cNAT\u00c9 STAVY, OBT\u00cd\u017dE S D\u00ddCH\u00c1N\u00cdM, N\u00c1HLE VZNIKL\u00c9 OTOKY DOLN\u00cdCH KON\u010cETIN, AKUTN\u00cd BLOK\u00c1DA P\u00c1TE\u0158E) JE\u0160T\u011a [&hellip;]<\/p>\n","protected":false},"author":1,"featured_media":0,"parent":0,"menu_order":1,"comment_status":"closed","ping_status":"closed","template":"","meta":{"footnotes":""},"class_list":["post-16","page","type-page","status-publish","hentry"],"_links":{"self":[{"href":"https:\/\/www.ordinacechodov.cz\/index.php?rest_route=\/wp\/v2\/pages\/16","targetHints":{"allow":["GET"]}}],"collection":[{"href":"https:\/\/www.ordinacechodov.cz\/index.php?rest_route=\/wp\/v2\/pages"}],"about":[{"href":"https:\/\/www.ordinacechodov.cz\/index.php?rest_route=\/wp\/v2\/types\/page"}],"author":[{"embeddable":true,"href":"https:\/\/www.ordinacechodov.cz\/index.php?rest_route=\/wp\/v2\/users\/1"}],"replies":[{"embeddable":true,"href":"https:\/\/www.ordinacechodov.cz\/index.php?rest_route=%2Fwp%2Fv2%2Fcomments&post=16"}],"version-history":[{"count":10,"href":"https:\/\/www.ordinacechodov.cz\/index.php?rest_route=\/wp\/v2\/pages\/16\/revisions"}],"predecessor-version":[{"id":296,"href":"https:\/\/www.ordinacechodov.cz\/index.php?rest_route=\/wp\/v2\/pages\/16\/revisions\/296"}],"wp:attachment":[{"href":"https:\/\/www.ordinacechodov.cz\/index.php?rest_route=%2Fwp%2Fv2%2Fmedia&parent=16"}],"curies":[{"name":"wp","href":"https:\/\/api.w.org\/{rel}","templated":true}]}}